{"id":3767,"date":"2023-10-25T14:30:17","date_gmt":"2023-10-25T14:30:17","guid":{"rendered":"https:\/\/broekmanlogist.wpengine.com\/?page_id=3767"},"modified":"2026-03-13T14:52:31","modified_gmt":"2026-03-13T14:52:31","slug":"moerdijk","status":"publish","type":"page","link":"https:\/\/www.broekmanlogistics.com\/nl\/over-ons\/locaties\/nederland\/moerdijk\/","title":{"rendered":"Moerdijk"},"content":{"rendered":"\t<section class=\"section bg-background !pt-4\">\n\t\t<div class=\"container grid grid-cols-12 gap-y-4\">\n\t\t\t<div class=\" md:col-span-8 col-span-12 mb-4\">\n\t\t\t\t<div class=\"breadcrumbs\"><span><span><a href=\"https:\/\/www.broekmanlogistics.com\/nl\/\">Broekman Logistics<\/a><\/span><\/span><\/div>\n\t\t\t<\/div>\n\n\t\t\t<div class=\" md:col-span-10 col-span-12\">\n\t\t\t\t<div class=\"flex flex-col-reverse gap-2\"><h1 aria-level=\"1\" class=\"title [&#038;_strong]:text-[var(--page-color)] [&#038;_strong]:font-semibold text-brandPrimary leading-[64px]\">Broekman Logistics Moerdijk\n<\/h1><h2 aria-level=\"2\" class=\"subtitle text-p mb-1 text-[var(--page-color)] font-semibold\">Vestigingen<\/h2><\/div>\n\t\t\t<\/div>\n\n\t\t\t<div class=\" md:col-span-8 col-span-12\">\n\t\t\t\t\t\t\t\t\t<div class=\"content content--large\"><p>Wij zijn gevestigd in Moerdijk, Noord-Brabant. Een strategische locatie tussen Rotterdam en Antwerpen, bekend om zijn industri\u00eble betekenis en een knooppunt voor logistieke en scheepvaartactiviteiten.<\/p>\n<\/div>\n\t\t\t\t\t\t\t<\/div>\n\t\t<\/div>\n\t<\/section>\n\n\n<section class=\"section relative overflow-hidden !m-0\">\n\t\t\t\t\t\t\n\t<div class=\"relative max-w-[1600px] mx-auto\">\n\t\t\t\t\t\t\t\t\t\t\t\t\t\t\t\t\n\t\t<div class=\"container p-0 lg:p-4 grid z-10 grid-cols-12 w-full lg:left-1\/2 lg:absolute lg:-translate-x-1\/2 lg:top-1\/2 lg:-translate-y-1\/2\">\n\t\t\t\t\t\t\t<div class=\"col-span-6 hidden lg:block left-\"><\/div>\n\t\t\t\t\t\t<div class=\"offset px-8 py-12 lg:p-0 col-span-12 lg:col-span-6 flex flex-col gap-6 lg:before:max-w-[100vw] lg:before:absolute lg:before:-z-10 lg:before:-left-0 lg:before:-top-20 lg:before:-bottom-20 lg:before:w-[100vw] lg:before:block lg:after:w-20 lg:after:absolute lg:after:-z-10 lg:after:-left-20 lg:after:-top-20 lg:after:-bottom-20 lg:after:block relative bg-brandPrimary bg-page z-10 lg:before:bg-brandPrimary lg:after:bg-brandPrimary lg:after:opacity-70 lg:pl-10\">\n\t\t\t\t<h2 aria-level=\"2\" class=\"title [&#038;_strong]:text-[var(--page-color)] [&#038;_strong]:font-semibold\">Broekman Logistics Moerdijk\n<\/h2><h3 aria-level=\"3\" class=\"subtitle\">Looking Beyond<\/h3>\n\n\t\t\t\t\t\t\t\t\t<div class=\"content\"><p>Ons kantoor is in eigen huis gelegen nabij de wereldwijde Ritchie Bros-veiling voor zwaar materieel, bouw-, transportvrachtwagens, landbouw-, hef- en materiaalbehandelingsapparatuur, voertuigen en bussen, boor- en freesapparatuur. Vanuit deze faciliteit bieden we uitgebreide end-to-end logistieke oplossingen aan klanten die artikelen op deze veiling kopen.<\/p>\n<p>Wij beschikken over de logistieke kennis, ervaring, middelen en het wereldwijde netwerk om uw gehele logistieke keten voor uw veilinglading te verzorgen. Wij behandelen en vervoeren vracht van extra grote industri\u00eble apparatuur, machines, zware componenten of andere goederen; in of out of gauge. Wij defini\u00ebren de transportmodus, verzorgen de benodigde documentatie, zorgen voor de juiste etikettering, beheren de vrachtverzekering en certificaten en beveiligen uw vracht v\u00f3\u00f3r vertrek. Wij halen of leveren uw lading op de juiste bestemming, op het juiste moment en in de juiste conditie.<\/p>\n<\/div>\n\t\t\t\t\t\t\t<\/div>\n\t\t<\/div>\n\n\t\t<img decoding=\"async\" width=\"2000\" height=\"1333\" src=\"https:\/\/www.broekmanlogistics.com\/wp-content\/uploads\/2023\/11\/BML-Moerdijk.jpg\" class=\"w-full lg:w-1\/2 cols-span-12 aspect-square relative object-cover\" alt=\"Broekman Logistics Ritchie Bros Moerdijk Nederland Auction\" srcset=\"https:\/\/www.broekmanlogistics.com\/wp-content\/uploads\/2023\/11\/BML-Moerdijk.jpg 2000w, https:\/\/www.broekmanlogistics.com\/wp-content\/uploads\/2023\/11\/BML-Moerdijk-300x200.jpg 300w, https:\/\/www.broekmanlogistics.com\/wp-content\/uploads\/2023\/11\/BML-Moerdijk-1024x682.jpg 1024w, https:\/\/www.broekmanlogistics.com\/wp-content\/uploads\/2023\/11\/BML-Moerdijk-768x512.jpg 768w, https:\/\/www.broekmanlogistics.com\/wp-content\/uploads\/2023\/11\/BML-Moerdijk-1536x1024.jpg 1536w, https:\/\/www.broekmanlogistics.com\/wp-content\/uploads\/2023\/11\/BML-Moerdijk-1215x810.jpg 1215w\" sizes=\"(max-width: 2000px) 100vw, 2000px\" \/>\n\t<\/div>\n<\/section>\n\n\n\t<section class=\"section content-image bg-background\">\n\t\t<div class=\"container\">\n            <div class=\"content-image__container flex md:gap-20 items-center w-full  md:flex-row-reverse  max-md:flex-col gap-10\">\n                <div class=\" md:w-[50%]  content-image__content\">\n                    <div class=\"flex flex-col-reverse mb-6 \">\n                        <h2 aria-level=\"2\" class=\"title [&#038;_strong]:text-[var(--page-color)] [&#038;_strong]:font-semibold text-brandPrimary leading-[48px]\">Een multimodale hub met de mogelijkheid om value-added Service te bieden\n<\/h2><h3 aria-level=\"3\" class=\"subtitle text-p mb-1 text-[var(--page-color)] font-semibold\">Expertise<\/h3>\n                    <\/div>\n\n                                            <div class=\"content [&#038;>p]:leading-7 &#8220;><p>Samen met u bepalen wij de omvang, uniciteit en complexiteit van uw projectlading. Wij bieden op maat gemaakte end-to-end supply chain-oplossingen, die verder kijken dan uw typische opslag- en internationale zendingen. Onze logistieke diensten omvatten:<\/p>\n<ul>\n<li>Project logistiek<\/li>\n<li>Import en export<\/li>\n<li>Luchtvracht, zeevracht, railtransport, wegtransport, multimodaal transport<\/li>\n<li>Transshipment<\/li>\n<li>RoRo-afhandeling<\/li>\n<li>Opslag<\/li>\n<li>Value-added logistics en value-added services<\/li>\n<li>Security screening<\/li>\n<li>Ladingverzekering, kwaliteitscontrole en compliance<\/li>\n<li>Douane-afhandeling<\/li>\n<li>Fiscale representatie<\/li>\n<\/ul>\n<\/div>\n                    \n                                    <\/div>\n\n                                    <div class=\" md:w-[calc(50%-80px)] \">\n                             \n                                                            <img decoding=\"async\" width=\"1800\" height=\"1350\" src=\"https:\/\/www.broekmanlogistics.com\/wp-content\/uploads\/2023\/11\/Chemicals-bulk-Maasvlakte-7.jpg\" class=\"h-full w-full aspect-square object-cover content-image__image\" alt=\"\" srcset=\"https:\/\/www.broekmanlogistics.com\/wp-content\/uploads\/2023\/11\/Chemicals-bulk-Maasvlakte-7.jpg 1800w, https:\/\/www.broekmanlogistics.com\/wp-content\/uploads\/2023\/11\/Chemicals-bulk-Maasvlakte-7-300x225.jpg 300w, https:\/\/www.broekmanlogistics.com\/wp-content\/uploads\/2023\/11\/Chemicals-bulk-Maasvlakte-7-1024x768.jpg 1024w, https:\/\/www.broekmanlogistics.com\/wp-content\/uploads\/2023\/11\/Chemicals-bulk-Maasvlakte-7-768x576.jpg 768w, https:\/\/www.broekmanlogistics.com\/wp-content\/uploads\/2023\/11\/Chemicals-bulk-Maasvlakte-7-1536x1152.jpg 1536w, https:\/\/www.broekmanlogistics.com\/wp-content\/uploads\/2023\/11\/Chemicals-bulk-Maasvlakte-7-1080x810.jpg 1080w\" sizes=\"(max-width: 1800px) 100vw, 1800px\" \/>\n                                                                        <\/div>\n                            <\/div>\n\t\t<\/div>\n\t<\/section>\n\n\n<section class=\"section white\">\n\t<div class=\"container gap-x-5 gap-y-6 grid grid-cols-12\">\n\t\t\t\t\t<div class=\" col-span-12 md:col-span-7\"><h2 aria-level=\"2\" class=\"title [&#038;_strong]:text-[var(--page-color)] [&#038;_strong]:font-semibold font-semibold text-brandPrimary leading-[48px]\">Veilige en gecertificeerde logistieke oplossingen\n<\/h2><\/div>\n\t\t\n\t\t\n\t\t\t\t\t<div class=\"content col-span-12 md:col-span-9\">\n\t\t\t\t<p>In de Benelux, Tsjechi\u00eb, Polen, India en China kunnen wij u van dienst zijn met onge\u00ebvenaarde expertise en effici\u00ebntie in de internationale logistiek. Wij zijn gecertificeerd en werken volgens de volgende normen:<\/p>\n\n\t\t\t<\/div>\n\t\t\t<\/div>\n<\/section>\n\n\n<section class=\"section white pointer-events-none overflow-hidden\">\n\t<div class=\"logo-container\">\n\t\t<div\n\t\t\tclass=\"swiper-wrapper logo-swiper items-center gap-20\">\n\t\t\t\t\t\t\t\t\t\t\t\t\t\t\t<div class=\"swiper-slide !w-fit\">\n\t\t\t\t\t\t<img decoding=\"async\" width=\"760\" height=\"500\" src=\"https:\/\/www.broekmanlogistics.com\/wp-content\/uploads\/2023\/11\/ISO9001LOGOTUVNL-e1699281524261.jpg\" class=\"max-w-[192px] max-h-[auto] object-cover\" alt=\"\" \/>\n\t\t\t\t\t<\/div>\n\t\t\t\t\t\t\t\t\t<div class=\"swiper-slide !w-fit\">\n\t\t\t\t\t\t<img decoding=\"async\" width=\"2100\" height=\"2100\" src=\"https:\/\/www.broekmanlogistics.com\/wp-content\/uploads\/2023\/11\/ISO14001LOGOTUVNL-e1699281552653.jpg\" class=\"max-w-[192px] max-h-[auto] object-cover\" alt=\"\" \/>\n\t\t\t\t\t<\/div>\n\t\t\t\t\t\t\t\t\t<div class=\"swiper-slide !w-fit\">\n\t\t\t\t\t\t<img decoding=\"async\" width=\"750\" height=\"477\" src=\"https:\/\/www.broekmanlogistics.com\/wp-content\/uploads\/2023\/11\/AEO-Logo-e1699345175815.jpg\" class=\"max-w-[192px] max-h-[auto] object-cover\" alt=\"AEO certificate_Broekman Logistics\" \/>\n\t\t\t\t\t<\/div>\n\t\t\t\t\t\t\t\t\t\t\t\t\t\t\t\t<div class=\"swiper-slide !w-fit\">\n\t\t\t\t\t\t<img decoding=\"async\" width=\"760\" height=\"500\" src=\"https:\/\/www.broekmanlogistics.com\/wp-content\/uploads\/2023\/11\/ISO9001LOGOTUVNL-e1699281524261.jpg\" class=\"max-w-[192px] max-h-[auto] object-cover\" alt=\"\" \/>\n\t\t\t\t\t<\/div>\n\t\t\t\t\t\t\t\t\t<div class=\"swiper-slide !w-fit\">\n\t\t\t\t\t\t<img decoding=\"async\" width=\"2100\" height=\"2100\" src=\"https:\/\/www.broekmanlogistics.com\/wp-content\/uploads\/2023\/11\/ISO14001LOGOTUVNL-e1699281552653.jpg\" class=\"max-w-[192px] max-h-[auto] object-cover\" alt=\"\" \/>\n\t\t\t\t\t<\/div>\n\t\t\t\t\t\t\t\t\t<div class=\"swiper-slide !w-fit\">\n\t\t\t\t\t\t<img decoding=\"async\" width=\"750\" height=\"477\" src=\"https:\/\/www.broekmanlogistics.com\/wp-content\/uploads\/2023\/11\/AEO-Logo-e1699345175815.jpg\" class=\"max-w-[192px] max-h-[auto] object-cover\" alt=\"AEO certificate_Broekman Logistics\" \/>\n\t\t\t\t\t<\/div>\n\t\t\t\t\t\t\t\t\t\t\t\t\t\t\t\t<div class=\"swiper-slide !w-fit\">\n\t\t\t\t\t\t<img decoding=\"async\" width=\"760\" height=\"500\" src=\"https:\/\/www.broekmanlogistics.com\/wp-content\/uploads\/2023\/11\/ISO9001LOGOTUVNL-e1699281524261.jpg\" class=\"max-w-[192px] max-h-[auto] object-cover\" alt=\"\" \/>\n\t\t\t\t\t<\/div>\n\t\t\t\t\t\t\t\t\t<div class=\"swiper-slide !w-fit\">\n\t\t\t\t\t\t<img decoding=\"async\" width=\"2100\" height=\"2100\" src=\"https:\/\/www.broekmanlogistics.com\/wp-content\/uploads\/2023\/11\/ISO14001LOGOTUVNL-e1699281552653.jpg\" class=\"max-w-[192px] max-h-[auto] object-cover\" alt=\"\" \/>\n\t\t\t\t\t<\/div>\n\t\t\t\t\t\t\t\t\t<div class=\"swiper-slide !w-fit\">\n\t\t\t\t\t\t<img decoding=\"async\" width=\"750\" height=\"477\" src=\"https:\/\/www.broekmanlogistics.com\/wp-content\/uploads\/2023\/11\/AEO-Logo-e1699345175815.jpg\" class=\"max-w-[192px] max-h-[auto] object-cover\" alt=\"AEO certificate_Broekman Logistics\" \/>\n\t\t\t\t\t<\/div>\n\t\t\t\t\t\t\t\t\t\t\t\t\t\t\t\t<div class=\"swiper-slide !w-fit\">\n\t\t\t\t\t\t<img decoding=\"async\" width=\"760\" height=\"500\" src=\"https:\/\/www.broekmanlogistics.com\/wp-content\/uploads\/2023\/11\/ISO9001LOGOTUVNL-e1699281524261.jpg\" class=\"max-w-[192px] max-h-[auto] object-cover\" alt=\"\" \/>\n\t\t\t\t\t<\/div>\n\t\t\t\t\t\t\t\t\t<div class=\"swiper-slide !w-fit\">\n\t\t\t\t\t\t<img decoding=\"async\" width=\"2100\" height=\"2100\" src=\"https:\/\/www.broekmanlogistics.com\/wp-content\/uploads\/2023\/11\/ISO14001LOGOTUVNL-e1699281552653.jpg\" class=\"max-w-[192px] max-h-[auto] object-cover\" alt=\"\" \/>\n\t\t\t\t\t<\/div>\n\t\t\t\t\t\t\t\t\t<div class=\"swiper-slide !w-fit\">\n\t\t\t\t\t\t<img decoding=\"async\" width=\"750\" height=\"477\" src=\"https:\/\/www.broekmanlogistics.com\/wp-content\/uploads\/2023\/11\/AEO-Logo-e1699345175815.jpg\" class=\"max-w-[192px] max-h-[auto] object-cover\" alt=\"AEO certificate_Broekman Logistics\" \/>\n\t\t\t\t\t<\/div>\n\t\t\t\t\t\t\t\t\t\t\t\t\t\t\t\t<div class=\"swiper-slide !w-fit\">\n\t\t\t\t\t\t<img decoding=\"async\" width=\"760\" height=\"500\" src=\"https:\/\/www.broekmanlogistics.com\/wp-content\/uploads\/2023\/11\/ISO9001LOGOTUVNL-e1699281524261.jpg\" class=\"max-w-[192px] max-h-[auto] object-cover\" alt=\"\" \/>\n\t\t\t\t\t<\/div>\n\t\t\t\t\t\t\t\t\t<div class=\"swiper-slide !w-fit\">\n\t\t\t\t\t\t<img decoding=\"async\" width=\"2100\" height=\"2100\" src=\"https:\/\/www.broekmanlogistics.com\/wp-content\/uploads\/2023\/11\/ISO14001LOGOTUVNL-e1699281552653.jpg\" class=\"max-w-[192px] max-h-[auto] object-cover\" alt=\"\" \/>\n\t\t\t\t\t<\/div>\n\t\t\t\t\t\t\t\t\t<div class=\"swiper-slide !w-fit\">\n\t\t\t\t\t\t<img decoding=\"async\" width=\"750\" height=\"477\" src=\"https:\/\/www.broekmanlogistics.com\/wp-content\/uploads\/2023\/11\/AEO-Logo-e1699345175815.jpg\" class=\"max-w-[192px] max-h-[auto] object-cover\" alt=\"AEO certificate_Broekman Logistics\" \/>\n\t\t\t\t\t<\/div>\n\t\t\t\t\t\t\t\t\t\t\t\t\t\t\t\t<div class=\"swiper-slide !w-fit\">\n\t\t\t\t\t\t<img decoding=\"async\" width=\"760\" height=\"500\" src=\"https:\/\/www.broekmanlogistics.com\/wp-content\/uploads\/2023\/11\/ISO9001LOGOTUVNL-e1699281524261.jpg\" class=\"max-w-[192px] max-h-[auto] object-cover\" alt=\"\" \/>\n\t\t\t\t\t<\/div>\n\t\t\t\t\t\t\t\t\t<div class=\"swiper-slide !w-fit\">\n\t\t\t\t\t\t<img decoding=\"async\" width=\"2100\" height=\"2100\" src=\"https:\/\/www.broekmanlogistics.com\/wp-content\/uploads\/2023\/11\/ISO14001LOGOTUVNL-e1699281552653.jpg\" class=\"max-w-[192px] max-h-[auto] object-cover\" alt=\"\" \/>\n\t\t\t\t\t<\/div>\n\t\t\t\t\t\t\t\t\t<div class=\"swiper-slide !w-fit\">\n\t\t\t\t\t\t<img decoding=\"async\" width=\"750\" height=\"477\" src=\"https:\/\/www.broekmanlogistics.com\/wp-content\/uploads\/2023\/11\/AEO-Logo-e1699345175815.jpg\" class=\"max-w-[192px] max-h-[auto] object-cover\" alt=\"AEO certificate_Broekman Logistics\" \/>\n\t\t\t\t\t<\/div>\n\t\t\t\t\t\t\t\t\t<\/div>\n\t<\/div>\n<\/section>\n\n\n    <section class=\"section bg-background\">\n        <div class=\"container\">\n\n            <div class=\"p-5 bg-white md:p-10 shadow-bannerTextBlock\">\n                <div class=\" xl:flex xl:justify-center \">\n                <h2 aria-level=\"2\" class=\"title [&#038;_strong]:text-[var(--page-color)] [&#038;_strong]:font-semibold text-brandPrimary text-h2 mb-10\">Heeft u ondersteuning nodig? Neem contact op met onze expert\n<\/h2>\n                <\/div>\n                <div class=\"swiper slider contact-experts-slider\">\n                    <div class=\"swiper-wrapper\">\n                                                    <div class=\"swiper-slide\">\n                                <div class=\"max-w-[237px]\">\n                                                                            <img decoding=\"async\" width=\"1689\" height=\"2035\" src=\"https:\/\/www.broekmanlogistics.com\/wp-content\/uploads\/2023\/11\/220613-Broekman-Mirjam-Lems_DSC5697-scaled-e1699435607772.jpg\" class=\"h-[112px] w-[112px] object-cover rounded-full border-[3px] border-neutral-0 mb-3\" alt=\"\" srcset=\"https:\/\/www.broekmanlogistics.com\/wp-content\/uploads\/2023\/11\/220613-Broekman-Mirjam-Lems_DSC5697-scaled-e1699435607772.jpg 1689w, https:\/\/www.broekmanlogistics.com\/wp-content\/uploads\/2023\/11\/220613-Broekman-Mirjam-Lems_DSC5697-scaled-e1699435607772-249x300.jpg 249w, https:\/\/www.broekmanlogistics.com\/wp-content\/uploads\/2023\/11\/220613-Broekman-Mirjam-Lems_DSC5697-scaled-e1699435607772-850x1024.jpg 850w, https:\/\/www.broekmanlogistics.com\/wp-content\/uploads\/2023\/11\/220613-Broekman-Mirjam-Lems_DSC5697-scaled-e1699435607772-768x925.jpg 768w, https:\/\/www.broekmanlogistics.com\/wp-content\/uploads\/2023\/11\/220613-Broekman-Mirjam-Lems_DSC5697-scaled-e1699435607772-1275x1536.jpg 1275w, https:\/\/www.broekmanlogistics.com\/wp-content\/uploads\/2023\/11\/220613-Broekman-Mirjam-Lems_DSC5697-scaled-e1699435607772-672x810.jpg 672w\" sizes=\"(max-width: 1689px) 100vw, 1689px\" \/>\n                                                                                                                <h4 class=\"mb-3 font-semibold text-brandPrimary text-h4\">Joey Steenbergen<\/h4>\n                                                                                                                <div class=\"mb-3 text-h5\">The Netherlands<\/div>\n                                                                                                                                                         <a href=\"https:\/\/www.broekmanlogistics.com\/nl\/joey-steenbergen\/\" target=\"\" class=\"btn btn--cta\">\n                                            Neem contact op\n                                        <\/a>\n                                                                    <\/div>\n                            <\/div>\n                                            <\/div>\n\n                    <div class=\"flex items-center justify-between mt-5 md:mt-10\">\n                        <div><\/div>\n                        <div class=\"flex gap-8 [&#038;>div]:rounded-md [&#038;>div]:w-[48px] [&#038;>div]:h-[48px] [&#038;>div]:border-2 [&#038;>div]:flex [&#038;>div]:items-center [&#038;>div]:justify-center [&#038;>div:hover]:bg-brandPrimary [&#038;>div]:transition-all [&#038;>div:hover]:text-white [&#038;>div]:border-brandPrimary text-brandPrimary  text-brandPrimary  [&#038;>div]:cursor-pointer&#8221;>\n                            <div class=\"slider__button--prev\">\n                                <span class=\"material-symbols-rounded\">arrow_back<\/span>\n                            <\/div>\n                            <div class=\"slider__button--next\">\n                                <span class=\"material-symbols-rounded\">arrow_forward<\/span>\n                            <\/div>\n                        <\/div>\n                    <\/div>\n                <\/div>\n            <\/div>\n        <\/div>\n    <\/section>\n","protected":false},"excerpt":{"rendered":"","protected":false},"author":40,"featured_media":0,"parent":3739,"menu_order":344,"comment_status":"closed","ping_status":"closed","template":"","meta":{"_acf_changed":false,"footnotes":""},"class_list":["post-3767","page","type-page","status-publish","hentry"],"acf":[],"yoast_head":"<!-- This site is optimized with the Yoast SEO plugin v26.9 - https:\/\/yoast.com\/product\/yoast-seo-wordpress\/ -->\n<title>Moerdijk - Broekman Logistics<\/title>\n<meta name=\"description\" content=\"Ontdek onze locatie in Moerdijk, Nederland, bij Broekman Logistics.\" \/>\n<meta name=\"robots\" content=\"index, follow, max-snippet:-1, max-image-preview:large, max-video-preview:-1\" \/>\n<link rel=\"canonical\" href=\"https:\/\/www.broekmanlogistics.com\/nl\/over-ons\/locaties\/nederland\/moerdijk\/\" \/>\n<meta property=\"og:locale\" content=\"nl_NL\" \/>\n<meta property=\"og:type\" content=\"article\" \/>\n<meta property=\"og:title\" content=\"Moerdijk - Broekman Logistics\" \/>\n<meta property=\"og:description\" content=\"Ontdek onze locatie in Moerdijk, Nederland, bij Broekman Logistics.\" \/>\n<meta property=\"og:url\" content=\"https:\/\/www.broekmanlogistics.com\/nl\/over-ons\/locaties\/nederland\/moerdijk\/\" \/>\n<meta property=\"og:site_name\" content=\"Broekman Logistics\" \/>\n<meta property=\"article:publisher\" content=\"https:\/\/www.facebook.com\/BroekmanLogistics\/\" \/>\n<meta property=\"article:modified_time\" content=\"2026-03-13T14:52:31+00:00\" \/>\n<meta name=\"twitter:card\" content=\"summary_large_image\" \/>\n<!-- \/ Yoast SEO plugin. -->","yoast_head_json":{"title":"Moerdijk - Broekman Logistics","description":"Ontdek onze locatie in Moerdijk, Nederland, bij Broekman Logistics.","robots":{"index":"index","follow":"follow","max-snippet":"max-snippet:-1","max-image-preview":"max-image-preview:large","max-video-preview":"max-video-preview:-1"},"canonical":"https:\/\/www.broekmanlogistics.com\/nl\/over-ons\/locaties\/nederland\/moerdijk\/","og_locale":"nl_NL","og_type":"article","og_title":"Moerdijk - Broekman Logistics","og_description":"Ontdek onze locatie in Moerdijk, Nederland, bij Broekman Logistics.","og_url":"https:\/\/www.broekmanlogistics.com\/nl\/over-ons\/locaties\/nederland\/moerdijk\/","og_site_name":"Broekman Logistics","article_publisher":"https:\/\/www.facebook.com\/BroekmanLogistics\/","article_modified_time":"2026-03-13T14:52:31+00:00","twitter_card":"summary_large_image","schema":{"@context":"https:\/\/schema.org","@graph":[{"@type":"WebPage","@id":"https:\/\/www.broekmanlogistics.com\/nl\/over-ons\/locaties\/nederland\/moerdijk\/","url":"https:\/\/www.broekmanlogistics.com\/nl\/over-ons\/locaties\/nederland\/moerdijk\/","name":"Moerdijk - Broekman Logistics","isPartOf":{"@id":"https:\/\/www.broekmanlogistics.com\/#website"},"datePublished":"2023-10-25T14:30:17+00:00","dateModified":"2026-03-13T14:52:31+00:00","description":"Ontdek onze locatie in Moerdijk, Nederland, bij Broekman Logistics.","breadcrumb":{"@id":"https:\/\/www.broekmanlogistics.com\/nl\/over-ons\/locaties\/nederland\/moerdijk\/#breadcrumb"},"inLanguage":"nl-NL","potentialAction":[{"@type":"ReadAction","target":["https:\/\/www.broekmanlogistics.com\/nl\/over-ons\/locaties\/nederland\/moerdijk\/"]}]},{"@type":"BreadcrumbList","@id":"https:\/\/www.broekmanlogistics.com\/nl\/over-ons\/locaties\/nederland\/moerdijk\/#breadcrumb","itemListElement":[{"@type":"ListItem","position":1,"name":"Broekman Logistics","item":"https:\/\/www.broekmanlogistics.com\/nl\/"},{"@type":"ListItem","position":2,"name":"Over ons","item":"https:\/\/www.broekmanlogistics.com\/nl\/over-ons\/"},{"@type":"ListItem","position":3,"name":"Locaties","item":"https:\/\/www.broekmanlogistics.com\/nl\/over-ons\/locaties\/"},{"@type":"ListItem","position":4,"name":"Nederland","item":"https:\/\/www.broekmanlogistics.com\/nl\/over-ons\/locaties\/nederland\/"},{"@type":"ListItem","position":5,"name":"Moerdijk"}]},{"@type":"WebSite","@id":"https:\/\/www.broekmanlogistics.com\/#website","url":"https:\/\/www.broekmanlogistics.com\/","name":"Broekman Logistics","description":"","publisher":{"@id":"https:\/\/www.broekmanlogistics.com\/#organization"},"potentialAction":[{"@type":"SearchAction","target":{"@type":"EntryPoint","urlTemplate":"https:\/\/www.broekmanlogistics.com\/?s={search_term_string}"},"query-input":{"@type":"PropertyValueSpecification","valueRequired":true,"valueName":"search_term_string"}}],"inLanguage":"nl-NL"},{"@type":"Organization","@id":"https:\/\/www.broekmanlogistics.com\/#organization","name":"Broekman Logistics","url":"https:\/\/www.broekmanlogistics.com\/","logo":{"@type":"ImageObject","inLanguage":"nl-NL","@id":"https:\/\/www.broekmanlogistics.com\/#\/schema\/logo\/image\/","url":"https:\/\/www.broekmanlogistics.com\/wp-content\/uploads\/2023\/09\/logo-default-positive@3x.png","contentUrl":"https:\/\/www.broekmanlogistics.com\/wp-content\/uploads\/2023\/09\/logo-default-positive@3x.png","width":516,"height":144,"caption":"Broekman Logistics"},"image":{"@id":"https:\/\/www.broekmanlogistics.com\/#\/schema\/logo\/image\/"},"sameAs":["https:\/\/www.facebook.com\/BroekmanLogistics\/","https:\/\/www.instagram.com\/broekmanlogistics\/","https:\/\/www.linkedin.com\/company\/broekman-logistics\/"]}]}},"_links":{"self":[{"href":"https:\/\/www.broekmanlogistics.com\/nl\/wp-json\/wp\/v2\/pages\/3767","targetHints":{"allow":["GET"]}}],"collection":[{"href":"https:\/\/www.broekmanlogistics.com\/nl\/wp-json\/wp\/v2\/pages"}],"about":[{"href":"https:\/\/www.broekmanlogistics.com\/nl\/wp-json\/wp\/v2\/types\/page"}],"author":[{"embeddable":true,"href":"https:\/\/www.broekmanlogistics.com\/nl\/wp-json\/wp\/v2\/users\/40"}],"replies":[{"embeddable":true,"href":"https:\/\/www.broekmanlogistics.com\/nl\/wp-json\/wp\/v2\/comments?post=3767"}],"version-history":[{"count":0,"href":"https:\/\/www.broekmanlogistics.com\/nl\/wp-json\/wp\/v2\/pages\/3767\/revisions"}],"up":[{"embeddable":true,"href":"https:\/\/www.broekmanlogistics.com\/nl\/wp-json\/wp\/v2\/pages\/3739"}],"wp:attachment":[{"href":"https:\/\/www.broekmanlogistics.com\/nl\/wp-json\/wp\/v2\/media?parent=3767"}],"curies":[{"name":"wp","href":"https:\/\/api.w.org\/{rel}","templated":true}]}}